{"id":267188,"date":"2018-09-24T15:25:53","date_gmt":"2018-09-24T13:25:53","guid":{"rendered":"https:\/\/cartamundi.com\/?page_id=267188"},"modified":"2018-11-16T09:26:07","modified_gmt":"2018-11-16T08:26:07","slug":"make-game-competition-thank-you","status":"publish","type":"page","link":"https:\/\/cartamundi.com\/en\/make-game-competition-thank-you\/","title":{"rendered":"\u00a1Gracias por participar!\u00a0 \u00a0\/\u00a0 \u00a0Gr\u00e0cies per participar!"},"content":{"rendered":"<p>\u00bfEres un dise\u00f1ador de juegos con una idea para un concepto de juego? <a style=\"background-color: #ffffff;\" href=\"https:\/\/cartamundi.com\/en\/contact\/\">Ponte en contacto a trav\u00e9s de nuestra web<\/a> o visita <a style=\"background-color: #ffffff;\" href=\"https:\/\/www.makemygame.com\/\">la plataforma Make My Game<\/a> para saber m\u00e1s acerca de nuestro servicio de prototipos.<\/p>\n<p>Ets un dissenyador de jocs amb una idea per un concepte de joc? <a href=\"https:\/\/cartamundi.com\/en\/contact\/\">Posa&#8217;t en contacte amb nosaltres a traves del nostre web<\/a> o visita <a href=\"https:\/\/www.makemygame.com\/\">la plataforma Make My Game<\/a> per saber m\u00e8s sobre el nostre servei de prototips.<\/p>\n<p><a href=\"https:\/\/cartamundi.com\/app\/uploads\/2018\/11\/44939541_2242842772393424_2427049876819804160_n.png\"><img loading=\"lazy\" class=\"alignnone size-full wp-image-327771\" src=\"https:\/\/cartamundi.com\/app\/uploads\/2018\/11\/44939541_2242842772393424_2427049876819804160_n.png\" alt=\"\" width=\"437\" height=\"437\" srcset=\"https:\/\/cartamundi.com\/app\/uploads\/2018\/11\/44939541_2242842772393424_2427049876819804160_n.png 437w, https:\/\/cartamundi.com\/app\/uploads\/2018\/11\/44939541_2242842772393424_2427049876819804160_n-150x150.png 150w, https:\/\/cartamundi.com\/app\/uploads\/2018\/11\/44939541_2242842772393424_2427049876819804160_n-341x341.png 341w, https:\/\/cartamundi.com\/app\/uploads\/2018\/11\/44939541_2242842772393424_2427049876819804160_n-400x400.png 400w, https:\/\/cartamundi.com\/app\/uploads\/2018\/11\/44939541_2242842772393424_2427049876819804160_n-250x250.png 250w\" sizes=\"(max-width: 437px) 100vw, 437px\" \/><\/a><\/p>\n","protected":false},"excerpt":{"rendered":"<p>\u00bfEres un dise\u00f1ador de juegos con una idea para un concepto de juego? Ponte en contacto a trav\u00e9s de nuestra web o visita la plataforma Make My Game para saber m\u00e1s acerca de nuestro servicio de prototipos. Ets un dissenyador de jocs amb una idea per un concepte de joc? Posa&#8217;t en contacte amb nosaltres &hellip; <a href=\"https:\/\/cartamundi.com\/en\/make-game-competition-thank-you\/\">Continued<\/a><\/p>\n","protected":false},"author":1,"featured_media":0,"parent":0,"menu_order":76,"comment_status":"closed","ping_status":"closed","template":"","meta":[],"acf":[],"pure_taxonomies":[],"_links":{"self":[{"href":"https:\/\/cartamundi.com\/en\/wp-json\/wp\/v2\/pages\/267188"}],"collection":[{"href":"https:\/\/cartamundi.com\/en\/wp-json\/wp\/v2\/pages"}],"about":[{"href":"https:\/\/cartamundi.com\/en\/wp-json\/wp\/v2\/types\/page"}],"author":[{"embeddable":true,"href":"https:\/\/cartamundi.com\/en\/wp-json\/wp\/v2\/users\/1"}],"replies":[{"embeddable":true,"href":"https:\/\/cartamundi.com\/en\/wp-json\/wp\/v2\/comments?post=267188"}],"version-history":[{"count":13,"href":"https:\/\/cartamundi.com\/en\/wp-json\/wp\/v2\/pages\/267188\/revisions"}],"predecessor-version":[{"id":267190,"href":"https:\/\/cartamundi.com\/en\/wp-json\/wp\/v2\/pages\/267188\/revisions\/267190"}],"wp:attachment":[{"href":"https:\/\/cartamundi.com\/en\/wp-json\/wp\/v2\/media?parent=267188"}],"curies":[{"name":"wp","href":"https:\/\/api.w.org\/{rel}","templated":true}]}}